{"id":1315,"date":"2023-03-01T12:22:26","date_gmt":"2023-03-01T11:22:26","guid":{"rendered":"https:\/\/soundology.rs\/ram-audio\/dalim-serija\/"},"modified":"2023-04-19T11:32:05","modified_gmt":"2023-04-19T10:32:05","slug":"dalim-serija","status":"publish","type":"page","link":"https:\/\/soundology.rs\/sr\/ram-audio\/dalim-serija\/","title":{"rendered":"DALIM Serija"},"content":{"rendered":"<div class=\"fusion-fullwidth fullwidth-box fusion-builder-row-1 fusion-flex-container has-pattern-background has-mask-background nonhundred-percent-fullwidth non-hundred-percent-height-scrolling\" style=\"--awb-border-radius-top-left:0px;--awb-border-radius-top-right:0px;--awb-border-radius-bottom-right:0px;--awb-border-radius-bottom-left:0px;--awb-flex-wrap:wrap;\" ><div class=\"fusion-builder-row fusion-row fusion-flex-align-items-flex-start fusion-flex-content-wrap\" style=\"max-width:1248px;margin-left: calc(-4% \/ 2 );margin-right: calc(-4% \/ 2 );\"><div class=\"fusion-layout-column fusion_builder_column fusion-builder-column-0 fusion_builder_column_1_1 1_1 fusion-flex-column\" style=\"--awb-bg-size:cover;--awb-width-large:100%;--awb-margin-top-large:0px;--awb-spacing-right-large:1.92%;--awb-margin-bottom-large:20px;--awb-spacing-left-large:1.92%;--awb-width-medium:100%;--awb-order-medium:0;--awb-spacing-right-medium:1.92%;--awb-spacing-left-medium:1.92%;--awb-width-small:100%;--awb-order-small:0;--awb-spacing-right-small:1.92%;--awb-spacing-left-small:1.92%;\"><div class=\"fusion-column-wrapper fusion-column-has-shadow fusion-flex-justify-content-flex-start fusion-content-layout-column\"><div class=\"fusion-text fusion-text-1\"><p><strong>DALIM Serija<\/strong> je 4 kanalna serija poja\u010dala velike snage, napravljena za te\u0161ke zahteve \u017eivih svirki i putuju\u0107ih muzi\u010dara. Izvanredna je njihova visoka efikasnost.<\/p>\n<p>Ova poja\u010dala su opremljena visokokvalitetnim FIR-DSP-om sa visokim performansama, 96kHz DSP procesom i velikim IPS ekranom, kapacitivnim korisni\u010dkim interfejsom osetljivim na dodir.<\/p>\n<p>U dizajnu je implementirano napredno RAM Audio Power Control Management re\u0161enje, da se preko DSP-a konfiguri\u0161e kako se deli snaga izme\u0111u kanala prema potrebama korisnika, uz mogu\u0107nost da se u samo jednom kanalu dobije maksimalna snaga.<\/p>\n<p>Opcioni DanteTM Networking (AES67) i AES3 digitalni ulazi su dostupni za DALIM poja\u010dala.<\/p>\n<\/div><div class=\"fusion-title title fusion-title-1 fusion-sep-none fusion-title-text fusion-title-size-three\" style=\"--awb-margin-top-small:10px;--awb-margin-right-small:0px;--awb-margin-bottom-small:10px;--awb-margin-left-small:0px;\"><h3 class=\"fusion-title-heading title-heading-left\" style=\"margin:0;\">Specifikacija<\/h3><\/div><div class=\"fusion-separator fusion-full-width-sep\" style=\"align-self: center;margin-left: auto;margin-right: auto;width:100%;\"><div class=\"fusion-separator-border sep-single sep-solid\" style=\"--awb-height:20px;--awb-amount:20px;border-color:var(--awb-color8);border-top-width:3px;\"><\/div><\/div><div class=\"fusion-text fusion-text-2\"><ul>\n<li>Veliki IPS ekran, kapacitivni korisni\u010dki interfejs osetljiv na dodir.<\/li>\n<li>High performance 96kHz DSP process. <a href=\"https:\/\/soundology.rs\/products\/dsp-ram_ocs\/\">Vidi vi\u0161e<\/a><\/li>\n<li>Opcioni Dante<sup>TM<\/sup> Networking (AES67) i AES3 digitalni ulazi<\/li>\n<li>Dva Ethernet porta i USB port za DSP control<\/li>\n<li>Class D topologija male te\u017eine i visoke efikasnosti<\/li>\n<li>Univerzalno napajanje sa PFC<\/li>\n<li>Do 20000 W u 4 kanala<\/li>\n<li>8, 4 and 2 Ohm low impedance operation<\/li>\n<li>100, 70, 50 and 35 V high impedance modes<\/li>\n<li>RAM Audio advanced Power Control Management (PCM<sup>TM<\/sup>)<\/li>\n<li>Industry standard Neutrik\u00ae XLR and Speakon\u00ae connectors<\/li>\n<li>Neutrik\u00ae PowerCon mains connector (32A version in 20Q model)<\/li>\n<li>Pena za filter za pra\u0161inu koja se mo\u017ee ukloniti<\/li>\n<li>Dizajn okrenut naopako kako bi se izbeglo nakupljanje pra\u0161ine na ventilatoru<\/li>\n<li>Termo kontrolisan, &#8222;front to back&#8220; ventilator<\/li>\n<\/ul>\n<\/div><div class=\"fusion-text fusion-text-3\" style=\"--awb-margin-top:60px;\"><p style=\"text-align: center;\"><a href=\"https:\/\/soundology.rs\/wp-content\/uploads\/RAM_Dalim_Data_sheet.pdf\" target=\"_blank\" rel=\"noopener\">DALIM Series Preliminary Data Sheet<\/a><\/p>\n<\/div><\/div><\/div><\/div><\/div>\n","protected":false},"excerpt":{"rendered":"","protected":false},"author":1,"featured_media":888,"parent":1306,"menu_order":0,"comment_status":"closed","ping_status":"closed","template":"100-width.php","meta":{"_monsterinsights_skip_tracking":false,"_monsterinsights_sitenote_active":false,"_monsterinsights_sitenote_note":"","_monsterinsights_sitenote_category":0,"footnotes":""},"class_list":["post-1315","page","type-page","status-publish","has-post-thumbnail","hentry"],"yoast_head":"<!-- This site is optimized with the Yoast SEO plugin v27.1.1 - https:\/\/yoast.com\/product\/yoast-seo-wordpress\/ -->\n<title>DALIM Serija - Soundology<\/title>\n<meta name=\"robots\" content=\"index, follow, max-snippet:-1, max-image-preview:large, max-video-preview:-1\" \/>\n<link rel=\"canonical\" href=\"https:\/\/soundology.rs\/sr\/ram-audio\/dalim-serija\/\" \/>\n<meta property=\"og:locale\" content=\"sr_RS\" \/>\n<meta property=\"og:type\" content=\"article\" \/>\n<meta property=\"og:title\" content=\"DALIM Serija - Soundology\" \/>\n<meta property=\"og:url\" content=\"https:\/\/soundology.rs\/sr\/ram-audio\/dalim-serija\/\" \/>\n<meta property=\"og:site_name\" content=\"Soundology\" \/>\n<meta property=\"article:modified_time\" content=\"2023-04-19T10:32:05+00:00\" \/>\n<meta property=\"og:image\" content=\"https:\/\/soundology.rs\/wp-content\/uploads\/Front_Dalim.jpg\" \/>\n\t<meta property=\"og:image:width\" content=\"1920\" \/>\n\t<meta property=\"og:image:height\" content=\"359\" \/>\n\t<meta property=\"og:image:type\" content=\"image\/jpeg\" \/>\n<meta name=\"twitter:card\" content=\"summary_large_image\" \/>\n<meta name=\"twitter:label1\" content=\"\u041f\u0440\u043e\u0446\u0435\u045a\u0435\u043d\u043e \u0432\u0440\u0435\u043c\u0435 \u0447\u0438\u0442\u0430\u045a\u0430\" \/>\n\t<meta name=\"twitter:data1\" content=\"3 \u043c\u0438\u043d\u0443\u0442\u0430\" \/>\n<script type=\"application\/ld+json\" class=\"yoast-schema-graph\">{\"@context\":\"https:\/\/schema.org\",\"@graph\":[{\"@type\":\"WebPage\",\"@id\":\"https:\/\/soundology.rs\/sr\/ram-audio\/dalim-serija\/\",\"url\":\"https:\/\/soundology.rs\/sr\/ram-audio\/dalim-serija\/\",\"name\":\"DALIM Serija - Soundology\",\"isPartOf\":{\"@id\":\"https:\/\/soundology.rs\/sr\/#website\"},\"primaryImageOfPage\":{\"@id\":\"https:\/\/soundology.rs\/sr\/ram-audio\/dalim-serija\/#primaryimage\"},\"image\":{\"@id\":\"https:\/\/soundology.rs\/sr\/ram-audio\/dalim-serija\/#primaryimage\"},\"thumbnailUrl\":\"https:\/\/soundology.rs\/wp-content\/uploads\/Front_Dalim.jpg\",\"datePublished\":\"2023-03-01T11:22:26+00:00\",\"dateModified\":\"2023-04-19T10:32:05+00:00\",\"breadcrumb\":{\"@id\":\"https:\/\/soundology.rs\/sr\/ram-audio\/dalim-serija\/#breadcrumb\"},\"inLanguage\":\"sr-RS\",\"potentialAction\":[{\"@type\":\"ReadAction\",\"target\":[\"https:\/\/soundology.rs\/sr\/ram-audio\/dalim-serija\/\"]}]},{\"@type\":\"ImageObject\",\"inLanguage\":\"sr-RS\",\"@id\":\"https:\/\/soundology.rs\/sr\/ram-audio\/dalim-serija\/#primaryimage\",\"url\":\"https:\/\/soundology.rs\/wp-content\/uploads\/Front_Dalim.jpg\",\"contentUrl\":\"https:\/\/soundology.rs\/wp-content\/uploads\/Front_Dalim.jpg\",\"width\":1920,\"height\":359,\"caption\":\"DALIM Series\"},{\"@type\":\"BreadcrumbList\",\"@id\":\"https:\/\/soundology.rs\/sr\/ram-audio\/dalim-serija\/#breadcrumb\",\"itemListElement\":[{\"@type\":\"ListItem\",\"position\":1,\"name\":\"Home\",\"item\":\"https:\/\/soundology.rs\/sr\/\"},{\"@type\":\"ListItem\",\"position\":2,\"name\":\"RAM Audio\",\"item\":\"https:\/\/soundology.rs\/sr\/ram-audio\/\"},{\"@type\":\"ListItem\",\"position\":3,\"name\":\"DALIM Serija\"}]},{\"@type\":\"WebSite\",\"@id\":\"https:\/\/soundology.rs\/sr\/#website\",\"url\":\"https:\/\/soundology.rs\/sr\/\",\"name\":\"Soundology\",\"description\":\"We bring the Sound\",\"publisher\":{\"@id\":\"https:\/\/soundology.rs\/sr\/#organization\"},\"potentialAction\":[{\"@type\":\"SearchAction\",\"target\":{\"@type\":\"EntryPoint\",\"urlTemplate\":\"https:\/\/soundology.rs\/sr\/?s={search_term_string}\"},\"query-input\":{\"@type\":\"PropertyValueSpecification\",\"valueRequired\":true,\"valueName\":\"search_term_string\"}}],\"inLanguage\":\"sr-RS\"},{\"@type\":\"Organization\",\"@id\":\"https:\/\/soundology.rs\/sr\/#organization\",\"name\":\"Soundology\",\"url\":\"https:\/\/soundology.rs\/sr\/\",\"logo\":{\"@type\":\"ImageObject\",\"inLanguage\":\"sr-RS\",\"@id\":\"https:\/\/soundology.rs\/sr\/#\/schema\/logo\/image\/\",\"url\":\"https:\/\/soundology.rs\/wp-content\/uploads\/soundology_logo_200x100.webp\",\"contentUrl\":\"https:\/\/soundology.rs\/wp-content\/uploads\/soundology_logo_200x100.webp\",\"width\":200,\"height\":100,\"caption\":\"Soundology\"},\"image\":{\"@id\":\"https:\/\/soundology.rs\/sr\/#\/schema\/logo\/image\/\"}}]}<\/script>\n<!-- \/ Yoast SEO plugin. -->","yoast_head_json":{"title":"DALIM Serija - Soundology","robots":{"index":"index","follow":"follow","max-snippet":"max-snippet:-1","max-image-preview":"max-image-preview:large","max-video-preview":"max-video-preview:-1"},"canonical":"https:\/\/soundology.rs\/sr\/ram-audio\/dalim-serija\/","og_locale":"sr_RS","og_type":"article","og_title":"DALIM Serija - Soundology","og_url":"https:\/\/soundology.rs\/sr\/ram-audio\/dalim-serija\/","og_site_name":"Soundology","article_modified_time":"2023-04-19T10:32:05+00:00","og_image":[{"width":1920,"height":359,"url":"https:\/\/soundology.rs\/wp-content\/uploads\/Front_Dalim.jpg","type":"image\/jpeg"}],"twitter_card":"summary_large_image","twitter_misc":{"\u041f\u0440\u043e\u0446\u0435\u045a\u0435\u043d\u043e \u0432\u0440\u0435\u043c\u0435 \u0447\u0438\u0442\u0430\u045a\u0430":"3 \u043c\u0438\u043d\u0443\u0442\u0430"},"schema":{"@context":"https:\/\/schema.org","@graph":[{"@type":"WebPage","@id":"https:\/\/soundology.rs\/sr\/ram-audio\/dalim-serija\/","url":"https:\/\/soundology.rs\/sr\/ram-audio\/dalim-serija\/","name":"DALIM Serija - Soundology","isPartOf":{"@id":"https:\/\/soundology.rs\/sr\/#website"},"primaryImageOfPage":{"@id":"https:\/\/soundology.rs\/sr\/ram-audio\/dalim-serija\/#primaryimage"},"image":{"@id":"https:\/\/soundology.rs\/sr\/ram-audio\/dalim-serija\/#primaryimage"},"thumbnailUrl":"https:\/\/soundology.rs\/wp-content\/uploads\/Front_Dalim.jpg","datePublished":"2023-03-01T11:22:26+00:00","dateModified":"2023-04-19T10:32:05+00:00","breadcrumb":{"@id":"https:\/\/soundology.rs\/sr\/ram-audio\/dalim-serija\/#breadcrumb"},"inLanguage":"sr-RS","potentialAction":[{"@type":"ReadAction","target":["https:\/\/soundology.rs\/sr\/ram-audio\/dalim-serija\/"]}]},{"@type":"ImageObject","inLanguage":"sr-RS","@id":"https:\/\/soundology.rs\/sr\/ram-audio\/dalim-serija\/#primaryimage","url":"https:\/\/soundology.rs\/wp-content\/uploads\/Front_Dalim.jpg","contentUrl":"https:\/\/soundology.rs\/wp-content\/uploads\/Front_Dalim.jpg","width":1920,"height":359,"caption":"DALIM Series"},{"@type":"BreadcrumbList","@id":"https:\/\/soundology.rs\/sr\/ram-audio\/dalim-serija\/#breadcrumb","itemListElement":[{"@type":"ListItem","position":1,"name":"Home","item":"https:\/\/soundology.rs\/sr\/"},{"@type":"ListItem","position":2,"name":"RAM Audio","item":"https:\/\/soundology.rs\/sr\/ram-audio\/"},{"@type":"ListItem","position":3,"name":"DALIM Serija"}]},{"@type":"WebSite","@id":"https:\/\/soundology.rs\/sr\/#website","url":"https:\/\/soundology.rs\/sr\/","name":"Soundology","description":"We bring the Sound","publisher":{"@id":"https:\/\/soundology.rs\/sr\/#organization"},"potentialAction":[{"@type":"SearchAction","target":{"@type":"EntryPoint","urlTemplate":"https:\/\/soundology.rs\/sr\/?s={search_term_string}"},"query-input":{"@type":"PropertyValueSpecification","valueRequired":true,"valueName":"search_term_string"}}],"inLanguage":"sr-RS"},{"@type":"Organization","@id":"https:\/\/soundology.rs\/sr\/#organization","name":"Soundology","url":"https:\/\/soundology.rs\/sr\/","logo":{"@type":"ImageObject","inLanguage":"sr-RS","@id":"https:\/\/soundology.rs\/sr\/#\/schema\/logo\/image\/","url":"https:\/\/soundology.rs\/wp-content\/uploads\/soundology_logo_200x100.webp","contentUrl":"https:\/\/soundology.rs\/wp-content\/uploads\/soundology_logo_200x100.webp","width":200,"height":100,"caption":"Soundology"},"image":{"@id":"https:\/\/soundology.rs\/sr\/#\/schema\/logo\/image\/"}}]}},"_links":{"self":[{"href":"https:\/\/soundology.rs\/sr\/wp-json\/wp\/v2\/pages\/1315","targetHints":{"allow":["GET"]}}],"collection":[{"href":"https:\/\/soundology.rs\/sr\/wp-json\/wp\/v2\/pages"}],"about":[{"href":"https:\/\/soundology.rs\/sr\/wp-json\/wp\/v2\/types\/page"}],"author":[{"embeddable":true,"href":"https:\/\/soundology.rs\/sr\/wp-json\/wp\/v2\/users\/1"}],"replies":[{"embeddable":true,"href":"https:\/\/soundology.rs\/sr\/wp-json\/wp\/v2\/comments?post=1315"}],"version-history":[{"count":3,"href":"https:\/\/soundology.rs\/sr\/wp-json\/wp\/v2\/pages\/1315\/revisions"}],"predecessor-version":[{"id":1472,"href":"https:\/\/soundology.rs\/sr\/wp-json\/wp\/v2\/pages\/1315\/revisions\/1472"}],"up":[{"embeddable":true,"href":"https:\/\/soundology.rs\/sr\/wp-json\/wp\/v2\/pages\/1306"}],"wp:featuredmedia":[{"embeddable":true,"href":"https:\/\/soundology.rs\/sr\/wp-json\/wp\/v2\/media\/888"}],"wp:attachment":[{"href":"https:\/\/soundology.rs\/sr\/wp-json\/wp\/v2\/media?parent=1315"}],"curies":[{"name":"wp","href":"https:\/\/api.w.org\/{rel}","templated":true}]}}