{"id":1326,"date":"2023-03-08T11:38:41","date_gmt":"2023-03-08T10:38:41","guid":{"rendered":"https:\/\/soundology.rs\/ram-audio\/dsp_powerpack-moduli\/"},"modified":"2023-04-06T12:14:43","modified_gmt":"2023-04-06T11:14:43","slug":"dsp_powerpack-moduli","status":"publish","type":"page","link":"https:\/\/soundology.rs\/sr\/ram-audio\/dsp_powerpack-moduli\/","title":{"rendered":"DSP_PowerPack Moduli"},"content":{"rendered":"<div class=\"fusion-fullwidth fullwidth-box fusion-builder-row-1 fusion-flex-container has-pattern-background has-mask-background nonhundred-percent-fullwidth non-hundred-percent-height-scrolling\" style=\"--awb-border-radius-top-left:0px;--awb-border-radius-top-right:0px;--awb-border-radius-bottom-right:0px;--awb-border-radius-bottom-left:0px;--awb-flex-wrap:wrap;\" ><div class=\"fusion-builder-row fusion-row fusion-flex-align-items-center fusion-flex-justify-content-center fusion-flex-content-wrap\" style=\"max-width:1248px;margin-left: calc(-4% \/ 2 );margin-right: calc(-4% \/ 2 );\"><div class=\"fusion-layout-column fusion_builder_column fusion-builder-column-0 fusion_builder_column_1_2 1_2 fusion-flex-column\" style=\"--awb-bg-size:cover;--awb-width-large:50%;--awb-margin-top-large:0px;--awb-spacing-right-large:3.84%;--awb-margin-bottom-large:20px;--awb-spacing-left-large:3.84%;--awb-width-medium:50%;--awb-order-medium:0;--awb-spacing-right-medium:3.84%;--awb-spacing-left-medium:3.84%;--awb-width-small:100%;--awb-order-small:0;--awb-spacing-right-small:1.92%;--awb-spacing-left-small:1.92%;\"><div class=\"fusion-column-wrapper fusion-column-has-shadow fusion-flex-justify-content-flex-start fusion-content-layout-column\"><div class=\"fusion-image-element \" style=\"--awb-caption-title-font-family:var(--h2_typography-font-family);--awb-caption-title-font-weight:var(--h2_typography-font-weight);--awb-caption-title-font-style:var(--h2_typography-font-style);--awb-caption-title-size:var(--h2_typography-font-size);--awb-caption-title-transform:var(--h2_typography-text-transform);--awb-caption-title-line-height:var(--h2_typography-line-height);--awb-caption-title-letter-spacing:var(--h2_typography-letter-spacing);\"><span class=\" fusion-imageframe imageframe-none imageframe-1 hover-type-none\"><a href=\"https:\/\/soundology.rs\/wp-content\/uploads\/DSP_PowerPack.jpg\" class=\"fusion-lightbox\" data-rel=\"iLightbox[cb6ade6b70afe4cac61]\" data-caption=\"DSP_PowerPack Module RAM Audio\" data-title=\"DSP_PowerPack\" title=\"DSP_PowerPack\"><img decoding=\"async\" width=\"150\" height=\"493\" src=\"https:\/\/soundology.rs\/wp-content\/uploads\/DSP_PowerPack.jpg\" alt class=\"img-responsive wp-image-942\" srcset=\"https:\/\/soundology.rs\/wp-content\/uploads\/DSP_PowerPack-46x150.jpg 46w, https:\/\/soundology.rs\/wp-content\/uploads\/DSP_PowerPack-91x300.jpg 91w, https:\/\/soundology.rs\/wp-content\/uploads\/DSP_PowerPack.jpg 150w\" sizes=\"(max-width: 150px) 100vw, 150px\" \/><\/a><\/span><\/div><\/div><\/div><div class=\"fusion-layout-column fusion_builder_column fusion-builder-column-1 fusion_builder_column_1_2 1_2 fusion-flex-column\" style=\"--awb-bg-size:cover;--awb-width-large:50%;--awb-margin-top-large:0px;--awb-spacing-right-large:3.84%;--awb-margin-bottom-large:20px;--awb-spacing-left-large:3.84%;--awb-width-medium:50%;--awb-order-medium:0;--awb-spacing-right-medium:3.84%;--awb-spacing-left-medium:3.84%;--awb-width-small:100%;--awb-order-small:0;--awb-spacing-right-small:1.92%;--awb-spacing-left-small:1.92%;\"><div class=\"fusion-column-wrapper fusion-column-has-shadow fusion-flex-justify-content-flex-start fusion-content-layout-column\"><div class=\"fusion-text fusion-text-1\"><p>SP_PowerPack je integrisano re\u0161enje koje RAM Audio daje za potrebe mnogih proizvo\u0111a\u010da akusti\u010dnih ku\u0107i\u0161ta kada je u pitanju samonapajanje njihovih proizvoda.<\/p>\n<p>RAM Audio Class D moduli sa regulisanim prekida\u010dkim napajanjem i visokokvalitetnim FIR DSP-om, svi integrisani u prilago\u0111enu klasu, kako bi zadovoljili potrebe svakog proizvo\u0111a\u010da.<\/p>\n<p>DSP_PowerPack se sastoji od dve serije, ASYM i SUB serije: ASYM serija su 2 Ways moduli za odvojeno napajanje srednjih\/niskih i visokih frekvencija u sistemima srednje snage, a SUB serija je dizajnirana da se koristi na niskim frekvencijama kada se zahtevaju velike snage, do 6000W @4Ohm.<\/p>\n<\/div><div class=\"fusion-text fusion-text-2\"><p>\u2022 <a href=\"https:\/\/ramaudio.com\/pdf\/DSP_PowerPack_Datasheet.pdf\" target=\"_blank\" rel=\"noopener\">DSP_PowerPack Data Sheet<\/a><br \/>\n\u2022 <a href=\"https:\/\/ramaudio.com\/pdf\/DSP_PowerPack_ASYM_UserManual.pdf\" target=\"_blank\" rel=\"noopener\">DSP_PowerPack ASYM Operation Manual<\/a><br \/>\n\u2022 <a href=\"https:\/\/ramaudio.com\/pdf\/DSP_PowerPack_SUB_UserManual.pdf\" target=\"_blank\" rel=\"noopener\">DSP_PowerPack SUB Operation Manual<\/a><br \/>\n\u2022 <a href=\"https:\/\/ramaudio.com\/pdf\/RAM_OCS_v3_QuickGuide.pdf\" target=\"_blank\" rel=\"noopener noreferrer\">RAM OCS Quick Guide<\/a><br \/>\n\u2022 <a href=\"https:\/\/www.youtube.com\/@ramaudioamplifiers\" target=\"_blank\" rel=\"noopener noreferrer\">RAM OCS Video Tutorials<\/a><br \/>\n\u2022 <a href=\"https:\/\/ramaudio.com\/downloads\/\">RAM OCS Control Software<\/a><\/p>\n<\/div><\/div><\/div><\/div><\/div>\n","protected":false},"excerpt":{"rendered":"","protected":false},"author":1,"featured_media":0,"parent":1306,"menu_order":0,"comment_status":"closed","ping_status":"closed","template":"100-width.php","meta":{"_monsterinsights_skip_tracking":false,"_monsterinsights_sitenote_active":false,"_monsterinsights_sitenote_note":"","_monsterinsights_sitenote_category":0,"footnotes":""},"class_list":["post-1326","page","type-page","status-publish","hentry"],"yoast_head":"<!-- This site is optimized with the Yoast SEO plugin v27.1.1 - https:\/\/yoast.com\/product\/yoast-seo-wordpress\/ -->\n<title>DSP_PowerPack Moduli - Soundology<\/title>\n<meta name=\"robots\" content=\"index, follow, max-snippet:-1, max-image-preview:large, max-video-preview:-1\" \/>\n<link rel=\"canonical\" href=\"https:\/\/soundology.rs\/sr\/ram-audio\/dsp_powerpack-moduli\/\" \/>\n<meta property=\"og:locale\" content=\"sr_RS\" \/>\n<meta property=\"og:type\" content=\"article\" \/>\n<meta property=\"og:title\" content=\"DSP_PowerPack Moduli - Soundology\" \/>\n<meta property=\"og:url\" content=\"https:\/\/soundology.rs\/sr\/ram-audio\/dsp_powerpack-moduli\/\" \/>\n<meta property=\"og:site_name\" content=\"Soundology\" \/>\n<meta property=\"article:modified_time\" content=\"2023-04-06T11:14:43+00:00\" \/>\n<meta property=\"og:image\" content=\"https:\/\/soundology.rs\/wp-content\/uploads\/soundology_logo_400x200.webp\" \/>\n\t<meta property=\"og:image:width\" content=\"400\" \/>\n\t<meta property=\"og:image:height\" content=\"200\" \/>\n\t<meta property=\"og:image:type\" content=\"image\/webp\" \/>\n<meta name=\"twitter:card\" content=\"summary_large_image\" \/>\n<meta name=\"twitter:label1\" content=\"\u041f\u0440\u043e\u0446\u0435\u045a\u0435\u043d\u043e \u0432\u0440\u0435\u043c\u0435 \u0447\u0438\u0442\u0430\u045a\u0430\" \/>\n\t<meta name=\"twitter:data1\" content=\"8 \u043c\u0438\u043d\u0443\u0442\u0430\" \/>\n<script type=\"application\/ld+json\" class=\"yoast-schema-graph\">{\"@context\":\"https:\/\/schema.org\",\"@graph\":[{\"@type\":\"WebPage\",\"@id\":\"https:\/\/soundology.rs\/sr\/ram-audio\/dsp_powerpack-moduli\/\",\"url\":\"https:\/\/soundology.rs\/sr\/ram-audio\/dsp_powerpack-moduli\/\",\"name\":\"DSP_PowerPack Moduli - Soundology\",\"isPartOf\":{\"@id\":\"https:\/\/soundology.rs\/sr\/#website\"},\"datePublished\":\"2023-03-08T10:38:41+00:00\",\"dateModified\":\"2023-04-06T11:14:43+00:00\",\"breadcrumb\":{\"@id\":\"https:\/\/soundology.rs\/sr\/ram-audio\/dsp_powerpack-moduli\/#breadcrumb\"},\"inLanguage\":\"sr-RS\",\"potentialAction\":[{\"@type\":\"ReadAction\",\"target\":[\"https:\/\/soundology.rs\/sr\/ram-audio\/dsp_powerpack-moduli\/\"]}]},{\"@type\":\"BreadcrumbList\",\"@id\":\"https:\/\/soundology.rs\/sr\/ram-audio\/dsp_powerpack-moduli\/#breadcrumb\",\"itemListElement\":[{\"@type\":\"ListItem\",\"position\":1,\"name\":\"Home\",\"item\":\"https:\/\/soundology.rs\/sr\/\"},{\"@type\":\"ListItem\",\"position\":2,\"name\":\"RAM Audio\",\"item\":\"https:\/\/soundology.rs\/sr\/ram-audio\/\"},{\"@type\":\"ListItem\",\"position\":3,\"name\":\"DSP_PowerPack Moduli\"}]},{\"@type\":\"WebSite\",\"@id\":\"https:\/\/soundology.rs\/sr\/#website\",\"url\":\"https:\/\/soundology.rs\/sr\/\",\"name\":\"Soundology\",\"description\":\"We bring the Sound\",\"publisher\":{\"@id\":\"https:\/\/soundology.rs\/sr\/#organization\"},\"potentialAction\":[{\"@type\":\"SearchAction\",\"target\":{\"@type\":\"EntryPoint\",\"urlTemplate\":\"https:\/\/soundology.rs\/sr\/?s={search_term_string}\"},\"query-input\":{\"@type\":\"PropertyValueSpecification\",\"valueRequired\":true,\"valueName\":\"search_term_string\"}}],\"inLanguage\":\"sr-RS\"},{\"@type\":\"Organization\",\"@id\":\"https:\/\/soundology.rs\/sr\/#organization\",\"name\":\"Soundology\",\"url\":\"https:\/\/soundology.rs\/sr\/\",\"logo\":{\"@type\":\"ImageObject\",\"inLanguage\":\"sr-RS\",\"@id\":\"https:\/\/soundology.rs\/sr\/#\/schema\/logo\/image\/\",\"url\":\"https:\/\/soundology.rs\/wp-content\/uploads\/soundology_logo_200x100.webp\",\"contentUrl\":\"https:\/\/soundology.rs\/wp-content\/uploads\/soundology_logo_200x100.webp\",\"width\":200,\"height\":100,\"caption\":\"Soundology\"},\"image\":{\"@id\":\"https:\/\/soundology.rs\/sr\/#\/schema\/logo\/image\/\"}}]}<\/script>\n<!-- \/ Yoast SEO plugin. -->","yoast_head_json":{"title":"DSP_PowerPack Moduli - Soundology","robots":{"index":"index","follow":"follow","max-snippet":"max-snippet:-1","max-image-preview":"max-image-preview:large","max-video-preview":"max-video-preview:-1"},"canonical":"https:\/\/soundology.rs\/sr\/ram-audio\/dsp_powerpack-moduli\/","og_locale":"sr_RS","og_type":"article","og_title":"DSP_PowerPack Moduli - Soundology","og_url":"https:\/\/soundology.rs\/sr\/ram-audio\/dsp_powerpack-moduli\/","og_site_name":"Soundology","article_modified_time":"2023-04-06T11:14:43+00:00","og_image":[{"width":400,"height":200,"url":"https:\/\/soundology.rs\/wp-content\/uploads\/soundology_logo_400x200.webp","type":"image\/webp"}],"twitter_card":"summary_large_image","twitter_misc":{"\u041f\u0440\u043e\u0446\u0435\u045a\u0435\u043d\u043e \u0432\u0440\u0435\u043c\u0435 \u0447\u0438\u0442\u0430\u045a\u0430":"8 \u043c\u0438\u043d\u0443\u0442\u0430"},"schema":{"@context":"https:\/\/schema.org","@graph":[{"@type":"WebPage","@id":"https:\/\/soundology.rs\/sr\/ram-audio\/dsp_powerpack-moduli\/","url":"https:\/\/soundology.rs\/sr\/ram-audio\/dsp_powerpack-moduli\/","name":"DSP_PowerPack Moduli - Soundology","isPartOf":{"@id":"https:\/\/soundology.rs\/sr\/#website"},"datePublished":"2023-03-08T10:38:41+00:00","dateModified":"2023-04-06T11:14:43+00:00","breadcrumb":{"@id":"https:\/\/soundology.rs\/sr\/ram-audio\/dsp_powerpack-moduli\/#breadcrumb"},"inLanguage":"sr-RS","potentialAction":[{"@type":"ReadAction","target":["https:\/\/soundology.rs\/sr\/ram-audio\/dsp_powerpack-moduli\/"]}]},{"@type":"BreadcrumbList","@id":"https:\/\/soundology.rs\/sr\/ram-audio\/dsp_powerpack-moduli\/#breadcrumb","itemListElement":[{"@type":"ListItem","position":1,"name":"Home","item":"https:\/\/soundology.rs\/sr\/"},{"@type":"ListItem","position":2,"name":"RAM Audio","item":"https:\/\/soundology.rs\/sr\/ram-audio\/"},{"@type":"ListItem","position":3,"name":"DSP_PowerPack Moduli"}]},{"@type":"WebSite","@id":"https:\/\/soundology.rs\/sr\/#website","url":"https:\/\/soundology.rs\/sr\/","name":"Soundology","description":"We bring the Sound","publisher":{"@id":"https:\/\/soundology.rs\/sr\/#organization"},"potentialAction":[{"@type":"SearchAction","target":{"@type":"EntryPoint","urlTemplate":"https:\/\/soundology.rs\/sr\/?s={search_term_string}"},"query-input":{"@type":"PropertyValueSpecification","valueRequired":true,"valueName":"search_term_string"}}],"inLanguage":"sr-RS"},{"@type":"Organization","@id":"https:\/\/soundology.rs\/sr\/#organization","name":"Soundology","url":"https:\/\/soundology.rs\/sr\/","logo":{"@type":"ImageObject","inLanguage":"sr-RS","@id":"https:\/\/soundology.rs\/sr\/#\/schema\/logo\/image\/","url":"https:\/\/soundology.rs\/wp-content\/uploads\/soundology_logo_200x100.webp","contentUrl":"https:\/\/soundology.rs\/wp-content\/uploads\/soundology_logo_200x100.webp","width":200,"height":100,"caption":"Soundology"},"image":{"@id":"https:\/\/soundology.rs\/sr\/#\/schema\/logo\/image\/"}}]}},"_links":{"self":[{"href":"https:\/\/soundology.rs\/sr\/wp-json\/wp\/v2\/pages\/1326","targetHints":{"allow":["GET"]}}],"collection":[{"href":"https:\/\/soundology.rs\/sr\/wp-json\/wp\/v2\/pages"}],"about":[{"href":"https:\/\/soundology.rs\/sr\/wp-json\/wp\/v2\/types\/page"}],"author":[{"embeddable":true,"href":"https:\/\/soundology.rs\/sr\/wp-json\/wp\/v2\/users\/1"}],"replies":[{"embeddable":true,"href":"https:\/\/soundology.rs\/sr\/wp-json\/wp\/v2\/comments?post=1326"}],"version-history":[{"count":3,"href":"https:\/\/soundology.rs\/sr\/wp-json\/wp\/v2\/pages\/1326\/revisions"}],"predecessor-version":[{"id":1329,"href":"https:\/\/soundology.rs\/sr\/wp-json\/wp\/v2\/pages\/1326\/revisions\/1329"}],"up":[{"embeddable":true,"href":"https:\/\/soundology.rs\/sr\/wp-json\/wp\/v2\/pages\/1306"}],"wp:attachment":[{"href":"https:\/\/soundology.rs\/sr\/wp-json\/wp\/v2\/media?parent=1326"}],"curies":[{"name":"wp","href":"https:\/\/api.w.org\/{rel}","templated":true}]}}