{"id":1397,"date":"2023-03-13T10:08:14","date_gmt":"2023-03-13T09:08:14","guid":{"rendered":"https:\/\/soundology.rs\/1-sound-usa\/"},"modified":"2023-10-03T11:03:24","modified_gmt":"2023-10-03T10:03:24","slug":"1-sound-usa","status":"publish","type":"page","link":"https:\/\/soundology.rs\/sr\/1-sound-usa\/","title":{"rendered":"1-SOUND USA"},"content":{"rendered":"<div class=\"fusion-fullwidth fullwidth-box fusion-builder-row-1 fusion-flex-container has-pattern-background has-mask-background nonhundred-percent-fullwidth non-hundred-percent-height-scrolling\" style=\"--awb-border-radius-top-left:0px;--awb-border-radius-top-right:0px;--awb-border-radius-bottom-right:0px;--awb-border-radius-bottom-left:0px;--awb-flex-wrap:wrap;\" ><div class=\"fusion-builder-row fusion-row fusion-flex-align-items-flex-start fusion-flex-content-wrap\" style=\"max-width:1248px;margin-left: calc(-4% \/ 2 );margin-right: calc(-4% \/ 2 );\"><div class=\"fusion-layout-column fusion_builder_column fusion-builder-column-0 fusion_builder_column_1_3 1_3 fusion-flex-column\" style=\"--awb-bg-size:cover;--awb-width-large:33.333333333333%;--awb-margin-top-large:0px;--awb-spacing-right-large:5.76%;--awb-margin-bottom-large:20px;--awb-spacing-left-large:5.76%;--awb-width-medium:33.333333333333%;--awb-order-medium:0;--awb-spacing-right-medium:5.76%;--awb-spacing-left-medium:5.76%;--awb-width-small:100%;--awb-order-small:0;--awb-spacing-right-small:1.92%;--awb-spacing-left-small:1.92%;\"><div class=\"fusion-column-wrapper fusion-column-has-shadow fusion-flex-justify-content-flex-start fusion-content-layout-column\"><div class=\"fusion-title title fusion-title-1 fusion-title-center fusion-title-text fusion-title-size-four\" style=\"--awb-margin-top-small:10px;--awb-margin-right-small:0px;--awb-margin-bottom-small:10px;--awb-margin-left-small:0px;--awb-sep-color:var(--awb-custom_color_2);\"><div class=\"title-sep-container title-sep-container-left\"><div class=\"title-sep sep-single sep-solid\" style=\"border-color:var(--awb-custom_color_2);\"><\/div><\/div><span class=\"awb-title-spacer\"><\/span><h4 class=\"fusion-title-heading title-heading-center\" style=\"margin:0;\"><h4>\u0160TA JE 1-SOUND ?<\/h4><\/h4><span class=\"awb-title-spacer\"><\/span><div class=\"title-sep-container title-sep-container-right\"><div class=\"title-sep sep-single sep-solid\" style=\"border-color:var(--awb-custom_color_2);\"><\/div><\/div><\/div><div class=\"fusion-text fusion-text-1\"><p class=\"\">1-SOUND je &#8222;Made in USA&#8220; proizvo\u0111a\u010d profesionalnih zvu\u010dnika, sa iskustvom iz audio industrije dugim nekoliko decenija, koji koristi najbolju laboratoriju za razvoj i istra\u017eivanje zvuka, iz Veneta u Italiji. Cilj kompanije je da omogu\u0107i kreativna audio re\u0161enja za potrebe komercijalne audio industrije.<\/p>\n<\/div><div class=\"fusion-title title fusion-title-2 fusion-title-center fusion-title-text fusion-title-size-four\" style=\"--awb-margin-top-small:10px;--awb-margin-right-small:0px;--awb-margin-bottom-small:10px;--awb-margin-left-small:0px;--awb-sep-color:var(--awb-custom_color_2);\"><div class=\"title-sep-container title-sep-container-left\"><div class=\"title-sep sep-single sep-solid\" style=\"border-color:var(--awb-custom_color_2);\"><\/div><\/div><span class=\"awb-title-spacer\"><\/span><h4 class=\"fusion-title-heading title-heading-center\" style=\"margin:0;\"><h4>KO JE 1-SOUND ?<\/h4><\/h4><span class=\"awb-title-spacer\"><\/span><div class=\"title-sep-container title-sep-container-right\"><div class=\"title-sep sep-single sep-solid\" style=\"border-color:var(--awb-custom_color_2);\"><\/div><\/div><\/div><div class=\"fusion-text fusion-text-2\"><p class=\"\">1-SOUND je osnovao i napravio <a href=\"http:\/\/www.loumannarino.com\/\" target=\"_blank\" rel=\"noopener\">Lou Mannarino<\/a>. Lou radi u audio i muzi\u010dkoj industriji preko 40 godina. Po\u010deo je da pravi zvu\u010dnike u svojoj 12. godini \u017eivota, dok je miksovao zvuk na \u0161kolskim predstavama. Sada se u njegovom portfoliju nalaze imena kao \u0161to su: Paul McCartney, Jay-Z, Bon Jovi i Njujor\u0161ka filharmonija. Dizajnirao je audio sisteme za Metropoliten muzej umetnosti, Linkoln centar umetnosti, Four Season hotele i mnoge druge. Lou je osniva\u010d i kompanije <a href=\"https:\/\/www.lmsound.com\/\">L&amp;M Sound &amp; Light<\/a>.<br \/>\n1 SOUND je tim talentovanih i iskusnih audio profesionalaca koji doprinose svakom aspektu procesa proizvodnje zvu\u010dnika, od dizajna i proizvodnje, do distribucije i implementacije.<\/p>\n<\/div><\/div><\/div><div class=\"fusion-layout-column fusion_builder_column fusion-builder-column-1 fusion_builder_column_1_3 1_3 fusion-flex-column fusion-flex-align-self-center\" style=\"--awb-bg-size:cover;--awb-width-large:33.333333333333%;--awb-margin-top-large:0px;--awb-spacing-right-large:5.76%;--awb-margin-bottom-large:20px;--awb-spacing-left-large:5.76%;--awb-width-medium:33.333333333333%;--awb-order-medium:0;--awb-spacing-right-medium:5.76%;--awb-spacing-left-medium:5.76%;--awb-width-small:100%;--awb-order-small:0;--awb-spacing-right-small:1.92%;--awb-spacing-left-small:1.92%;\" data-scroll-devices=\"small-visibility,medium-visibility,large-visibility\"><div class=\"fusion-column-wrapper fusion-column-has-shadow fusion-flex-justify-content-center fusion-content-layout-column\"><div class=\"fusion-image-element \" style=\"text-align:center;--awb-caption-title-font-family:var(--h2_typography-font-family);--awb-caption-title-font-weight:var(--h2_typography-font-weight);--awb-caption-title-font-style:var(--h2_typography-font-style);--awb-caption-title-size:var(--h2_typography-font-size);--awb-caption-title-transform:var(--h2_typography-text-transform);--awb-caption-title-line-height:var(--h2_typography-line-height);--awb-caption-title-letter-spacing:var(--h2_typography-letter-spacing);\"><span class=\" fusion-imageframe imageframe-none imageframe-1 hover-type-none\"><a class=\"fusion-no-lightbox\" href=\"https:\/\/www.1-sound.com\/\" target=\"_self\" aria-label=\"1 SOUND LOGO_2500\"><img decoding=\"async\" width=\"2500\" height=\"3843\" src=\"https:\/\/soundology.rs\/wp-content\/uploads\/1-SOUND-LOGO_2500.png\" alt class=\"img-responsive wp-image-1205\" srcset=\"https:\/\/soundology.rs\/wp-content\/uploads\/1-SOUND-LOGO_2500-200x307.png 200w, https:\/\/soundology.rs\/wp-content\/uploads\/1-SOUND-LOGO_2500-400x615.png 400w, https:\/\/soundology.rs\/wp-content\/uploads\/1-SOUND-LOGO_2500-600x922.png 600w, https:\/\/soundology.rs\/wp-content\/uploads\/1-SOUND-LOGO_2500-800x1230.png 800w, https:\/\/soundology.rs\/wp-content\/uploads\/1-SOUND-LOGO_2500-1200x1845.png 1200w, https:\/\/soundology.rs\/wp-content\/uploads\/1-SOUND-LOGO_2500.png 2500w\" sizes=\"(max-width: 640px) 100vw, 400px\" \/><\/a><\/span><\/div><\/div><\/div><div class=\"fusion-layout-column fusion_builder_column fusion-builder-column-2 fusion_builder_column_1_3 1_3 fusion-flex-column\" style=\"--awb-bg-size:cover;--awb-width-large:33.333333333333%;--awb-margin-top-large:0px;--awb-spacing-right-large:5.76%;--awb-margin-bottom-large:20px;--awb-spacing-left-large:5.76%;--awb-width-medium:33.333333333333%;--awb-order-medium:0;--awb-spacing-right-medium:5.76%;--awb-spacing-left-medium:5.76%;--awb-width-small:100%;--awb-order-small:0;--awb-spacing-right-small:1.92%;--awb-spacing-left-small:1.92%;\"><div class=\"fusion-column-wrapper fusion-column-has-shadow fusion-flex-justify-content-flex-start fusion-content-layout-column\"><div class=\"fusion-title title fusion-title-3 fusion-title-center fusion-title-text fusion-title-size-four\" style=\"--awb-margin-top-small:10px;--awb-margin-right-small:0px;--awb-margin-bottom-small:10px;--awb-margin-left-small:0px;--awb-sep-color:var(--awb-custom_color_2);\"><div class=\"title-sep-container title-sep-container-left\"><div class=\"title-sep sep-single sep-solid\" style=\"border-color:var(--awb-custom_color_2);\"><\/div><\/div><span class=\"awb-title-spacer\"><\/span><h4 class=\"fusion-title-heading title-heading-center\" style=\"margin:0;\"><h4>GDE JE 1-SOUND ?<\/h4><\/h4><span class=\"awb-title-spacer\"><\/span><div class=\"title-sep-container title-sep-container-right\"><div class=\"title-sep sep-single sep-solid\" style=\"border-color:var(--awb-custom_color_2);\"><\/div><\/div><\/div><div class=\"fusion-text fusion-text-3\"><p class=\"\">Svi 1 SOUND sistemi zvu\u010dnika proizvedeni su u SAD, konkretno Monmouth County New Jersey. 1 SOUND koristi najbolje dostupne materijale iz Sjedinjenih Dr\u017eava i Italije. Dok gotovo svi trenutni proizvo\u0111a\u010di u profesionalnoj audio industriji sada proizvode negde u inostranstvu, proizvodnja u SAD daje 1 SOUND prednosti brze obrade, kontrole nad lancem nabavke i ponosa \u0161to je izgra\u0111en u SAD.<\/p>\n<\/div><div class=\"fusion-title title fusion-title-4 fusion-title-center fusion-title-text fusion-title-size-four\" style=\"--awb-margin-top-small:10px;--awb-margin-right-small:0px;--awb-margin-bottom-small:10px;--awb-margin-left-small:0px;--awb-sep-color:var(--awb-custom_color_2);\"><div class=\"title-sep-container title-sep-container-left\"><div class=\"title-sep sep-single sep-solid\" style=\"border-color:var(--awb-custom_color_2);\"><\/div><\/div><span class=\"awb-title-spacer\"><\/span><h4 class=\"fusion-title-heading title-heading-center\" style=\"margin:0;\"><h4>ZA\u0160TO JE 1-SOUND ?<\/h4><\/h4><span class=\"awb-title-spacer\"><\/span><div class=\"title-sep-container title-sep-container-right\"><div class=\"title-sep sep-single sep-solid\" style=\"border-color:var(--awb-custom_color_2);\"><\/div><\/div><\/div><div class=\"fusion-text fusion-text-4\"><p class=\"\">1 SOUND donosi 40 godina iskustva ugra\u0111enih u svaki pa\u017eljivo napravljen dizajn zvu\u010dnika. Cilj 1 SOUND kompanije je da se profesionalna audio industrija unapredi najboljim zvukom i alatima koji su novi na tr\u017ei\u0161tu, donose\u0107i najnoviju tehnologiju za pru\u017eanje re\u0161enja slede\u0107e generacije. Proizvodimo koriste\u0107i vrhunske materijale sa visoko obu\u010denim osobljem, uz odr\u017eavanje strogih kriterijuma kontrole kvaliteta. Postoji mnogo kvalitetnih brendova dostupnih \u0161irom sveta, me\u0111utim samo se nekoliko proizvodi u SAD. SAD je jedno od najve\u0107ih tr\u017ei\u0161ta u audio industriji. 1 SOUND veruje u prakti\u010dan pristup proizvodnji i skladi\u0161tenju u SAD, kao i u jedinstvenu individualnu korisni\u010dku podr\u0161ku.<\/p>\n<\/div><\/div><\/div><\/div><\/div>\n","protected":false},"excerpt":{"rendered":"","protected":false},"author":1,"featured_media":0,"parent":0,"menu_order":0,"comment_status":"closed","ping_status":"closed","template":"100-width.php","meta":{"_monsterinsights_skip_tracking":false,"_monsterinsights_sitenote_active":false,"_monsterinsights_sitenote_note":"","_monsterinsights_sitenote_category":0,"footnotes":""},"class_list":["post-1397","page","type-page","status-publish","hentry"],"yoast_head":"<!-- This site is optimized with the Yoast SEO plugin v27.1.1 - https:\/\/yoast.com\/product\/yoast-seo-wordpress\/ -->\n<title>1-SOUND USA - Soundology<\/title>\n<meta name=\"description\" content=\"1-SOUND USA\" \/>\n<meta name=\"robots\" content=\"index, follow, max-snippet:-1, max-image-preview:large, max-video-preview:-1\" \/>\n<link rel=\"canonical\" href=\"https:\/\/soundology.rs\/sr\/1-sound-usa\/\" \/>\n<meta property=\"og:locale\" content=\"sr_RS\" \/>\n<meta property=\"og:type\" content=\"article\" \/>\n<meta property=\"og:title\" content=\"1-SOUND USA - Soundology\" \/>\n<meta property=\"og:description\" content=\"1-SOUND USA\" \/>\n<meta property=\"og:url\" content=\"https:\/\/soundology.rs\/sr\/1-sound-usa\/\" \/>\n<meta property=\"og:site_name\" content=\"Soundology\" \/>\n<meta property=\"article:modified_time\" content=\"2023-10-03T10:03:24+00:00\" \/>\n<meta property=\"og:image\" content=\"https:\/\/soundology.rs\/wp-content\/uploads\/soundology_logo_400x200.webp\" \/>\n\t<meta property=\"og:image:width\" content=\"400\" \/>\n\t<meta property=\"og:image:height\" content=\"200\" \/>\n\t<meta property=\"og:image:type\" content=\"image\/webp\" \/>\n<meta name=\"twitter:card\" content=\"summary_large_image\" \/>\n<meta name=\"twitter:label1\" content=\"\u041f\u0440\u043e\u0446\u0435\u045a\u0435\u043d\u043e \u0432\u0440\u0435\u043c\u0435 \u0447\u0438\u0442\u0430\u045a\u0430\" \/>\n\t<meta name=\"twitter:data1\" content=\"7 \u043c\u0438\u043d\u0443\u0442\u0430\" \/>\n<script type=\"application\/ld+json\" class=\"yoast-schema-graph\">{\"@context\":\"https:\/\/schema.org\",\"@graph\":[{\"@type\":\"WebPage\",\"@id\":\"https:\/\/soundology.rs\/sr\/1-sound-usa\/\",\"url\":\"https:\/\/soundology.rs\/sr\/1-sound-usa\/\",\"name\":\"1-SOUND USA - Soundology\",\"isPartOf\":{\"@id\":\"https:\/\/soundology.rs\/sr\/#website\"},\"datePublished\":\"2023-03-13T09:08:14+00:00\",\"dateModified\":\"2023-10-03T10:03:24+00:00\",\"description\":\"1-SOUND USA\",\"breadcrumb\":{\"@id\":\"https:\/\/soundology.rs\/sr\/1-sound-usa\/#breadcrumb\"},\"inLanguage\":\"sr-RS\",\"potentialAction\":[{\"@type\":\"ReadAction\",\"target\":[\"https:\/\/soundology.rs\/sr\/1-sound-usa\/\"]}]},{\"@type\":\"BreadcrumbList\",\"@id\":\"https:\/\/soundology.rs\/sr\/1-sound-usa\/#breadcrumb\",\"itemListElement\":[{\"@type\":\"ListItem\",\"position\":1,\"name\":\"Home\",\"item\":\"https:\/\/soundology.rs\/sr\/\"},{\"@type\":\"ListItem\",\"position\":2,\"name\":\"1-SOUND USA\"}]},{\"@type\":\"WebSite\",\"@id\":\"https:\/\/soundology.rs\/sr\/#website\",\"url\":\"https:\/\/soundology.rs\/sr\/\",\"name\":\"Soundology\",\"description\":\"We bring the Sound\",\"publisher\":{\"@id\":\"https:\/\/soundology.rs\/sr\/#organization\"},\"potentialAction\":[{\"@type\":\"SearchAction\",\"target\":{\"@type\":\"EntryPoint\",\"urlTemplate\":\"https:\/\/soundology.rs\/sr\/?s={search_term_string}\"},\"query-input\":{\"@type\":\"PropertyValueSpecification\",\"valueRequired\":true,\"valueName\":\"search_term_string\"}}],\"inLanguage\":\"sr-RS\"},{\"@type\":\"Organization\",\"@id\":\"https:\/\/soundology.rs\/sr\/#organization\",\"name\":\"Soundology\",\"url\":\"https:\/\/soundology.rs\/sr\/\",\"logo\":{\"@type\":\"ImageObject\",\"inLanguage\":\"sr-RS\",\"@id\":\"https:\/\/soundology.rs\/sr\/#\/schema\/logo\/image\/\",\"url\":\"https:\/\/soundology.rs\/wp-content\/uploads\/soundology_logo_200x100.webp\",\"contentUrl\":\"https:\/\/soundology.rs\/wp-content\/uploads\/soundology_logo_200x100.webp\",\"width\":200,\"height\":100,\"caption\":\"Soundology\"},\"image\":{\"@id\":\"https:\/\/soundology.rs\/sr\/#\/schema\/logo\/image\/\"}}]}<\/script>\n<!-- \/ Yoast SEO plugin. -->","yoast_head_json":{"title":"1-SOUND USA - Soundology","description":"1-SOUND USA","robots":{"index":"index","follow":"follow","max-snippet":"max-snippet:-1","max-image-preview":"max-image-preview:large","max-video-preview":"max-video-preview:-1"},"canonical":"https:\/\/soundology.rs\/sr\/1-sound-usa\/","og_locale":"sr_RS","og_type":"article","og_title":"1-SOUND USA - Soundology","og_description":"1-SOUND USA","og_url":"https:\/\/soundology.rs\/sr\/1-sound-usa\/","og_site_name":"Soundology","article_modified_time":"2023-10-03T10:03:24+00:00","og_image":[{"width":400,"height":200,"url":"https:\/\/soundology.rs\/wp-content\/uploads\/soundology_logo_400x200.webp","type":"image\/webp"}],"twitter_card":"summary_large_image","twitter_misc":{"\u041f\u0440\u043e\u0446\u0435\u045a\u0435\u043d\u043e \u0432\u0440\u0435\u043c\u0435 \u0447\u0438\u0442\u0430\u045a\u0430":"7 \u043c\u0438\u043d\u0443\u0442\u0430"},"schema":{"@context":"https:\/\/schema.org","@graph":[{"@type":"WebPage","@id":"https:\/\/soundology.rs\/sr\/1-sound-usa\/","url":"https:\/\/soundology.rs\/sr\/1-sound-usa\/","name":"1-SOUND USA - Soundology","isPartOf":{"@id":"https:\/\/soundology.rs\/sr\/#website"},"datePublished":"2023-03-13T09:08:14+00:00","dateModified":"2023-10-03T10:03:24+00:00","description":"1-SOUND USA","breadcrumb":{"@id":"https:\/\/soundology.rs\/sr\/1-sound-usa\/#breadcrumb"},"inLanguage":"sr-RS","potentialAction":[{"@type":"ReadAction","target":["https:\/\/soundology.rs\/sr\/1-sound-usa\/"]}]},{"@type":"BreadcrumbList","@id":"https:\/\/soundology.rs\/sr\/1-sound-usa\/#breadcrumb","itemListElement":[{"@type":"ListItem","position":1,"name":"Home","item":"https:\/\/soundology.rs\/sr\/"},{"@type":"ListItem","position":2,"name":"1-SOUND USA"}]},{"@type":"WebSite","@id":"https:\/\/soundology.rs\/sr\/#website","url":"https:\/\/soundology.rs\/sr\/","name":"Soundology","description":"We bring the Sound","publisher":{"@id":"https:\/\/soundology.rs\/sr\/#organization"},"potentialAction":[{"@type":"SearchAction","target":{"@type":"EntryPoint","urlTemplate":"https:\/\/soundology.rs\/sr\/?s={search_term_string}"},"query-input":{"@type":"PropertyValueSpecification","valueRequired":true,"valueName":"search_term_string"}}],"inLanguage":"sr-RS"},{"@type":"Organization","@id":"https:\/\/soundology.rs\/sr\/#organization","name":"Soundology","url":"https:\/\/soundology.rs\/sr\/","logo":{"@type":"ImageObject","inLanguage":"sr-RS","@id":"https:\/\/soundology.rs\/sr\/#\/schema\/logo\/image\/","url":"https:\/\/soundology.rs\/wp-content\/uploads\/soundology_logo_200x100.webp","contentUrl":"https:\/\/soundology.rs\/wp-content\/uploads\/soundology_logo_200x100.webp","width":200,"height":100,"caption":"Soundology"},"image":{"@id":"https:\/\/soundology.rs\/sr\/#\/schema\/logo\/image\/"}}]}},"_links":{"self":[{"href":"https:\/\/soundology.rs\/sr\/wp-json\/wp\/v2\/pages\/1397","targetHints":{"allow":["GET"]}}],"collection":[{"href":"https:\/\/soundology.rs\/sr\/wp-json\/wp\/v2\/pages"}],"about":[{"href":"https:\/\/soundology.rs\/sr\/wp-json\/wp\/v2\/types\/page"}],"author":[{"embeddable":true,"href":"https:\/\/soundology.rs\/sr\/wp-json\/wp\/v2\/users\/1"}],"replies":[{"embeddable":true,"href":"https:\/\/soundology.rs\/sr\/wp-json\/wp\/v2\/comments?post=1397"}],"version-history":[{"count":10,"href":"https:\/\/soundology.rs\/sr\/wp-json\/wp\/v2\/pages\/1397\/revisions"}],"predecessor-version":[{"id":1737,"href":"https:\/\/soundology.rs\/sr\/wp-json\/wp\/v2\/pages\/1397\/revisions\/1737"}],"wp:attachment":[{"href":"https:\/\/soundology.rs\/sr\/wp-json\/wp\/v2\/media?parent=1397"}],"curies":[{"name":"wp","href":"https:\/\/api.w.org\/{rel}","templated":true}]}}